{"id":644,"date":"2019-10-08T16:11:55","date_gmt":"2019-10-08T16:11:55","guid":{"rendered":"http:\/\/ruralnet.es\/?page_id=644"},"modified":"2020-05-05T07:21:55","modified_gmt":"2020-05-05T07:21:55","slug":"fibra-optica-residencial","status":"publish","type":"page","link":"https:\/\/ruralnet.es\/index.php\/fibra-optica\/fibra-optica-residencial\/","title":{"rendered":"Fibra \u00d3ptica Residencial"},"content":{"rendered":"\n<hr class=\"wp-block-separator\"\/>\n\n\n\n<p class=\"has-text-color has-background has-very-dark-gray-color has-light-green-cyan-background-color\"><strong>Fibra de calidad a un precio inmejorable<\/strong><\/p>\n\n\n\n<div id=\"rpt_pricr\" class=\"rpt_plans rpt_3_plans rpt_style_basic\"><div class=\"\"><div class=\"rpt_plan  rpt_plugin_f rpt_plan_0  \"><div style=\"text-align:center;\" class=\"rpt_title rpt_title_0\">FIBRA RESIDENCIAL 100M\/100M<\/div><div class=\"rpt_head rpt_head_0\"><div class=\"rpt_recurrence rpt_recurrence_0\">IVA INCLUIDO<\/div><div class=\"rpt_price rpt_price_0\"><sup class=\"rpt_currency\"> <\/sup>25\u20ac<\/div><div style=\"color:#8dba09;\" class=\"rpt_subtitle rpt_subtitle_0\">La mejor fibra para tu hogar<\/div><div class=\"rpt_description rpt_description_0\">Conexi\u00f3n de fibra de 100 Mbps de descarga y 100 Mbps de subida<\/div><\/div><div class=\"rpt_features rpt_features_0\"><div style=\"color:black;\" class=\"rpt_feature rpt_feature_0-0\">Alta e instalaci\u00f3n GRATUITAS\r<\/div><div style=\"color:black;\" class=\"rpt_feature rpt_feature_0-1\">DESCUENTOS POR SERVICIOS CONTRATADOS\r<\/div><div style=\"color:black;\" class=\"rpt_feature rpt_feature_0-2\">FTTH Cobertura vodafone\/orange\r<\/div><div style=\"color:black;\" class=\"rpt_feature rpt_feature_0-3\">Linea fija opcional (Llamadas ilimitadas 10\u20ac\/mes)\r<\/div><div style=\"color:black;\" class=\"rpt_feature rpt_feature_0-4\">Servicio de internet CG-NAT\r<\/div><div style=\"color:black;\" class=\"rpt_feature rpt_feature_0-5\">Combina tu fibra con la tarifa m\u00f3vil que m\u00e1s te interese\r<\/div><div style=\"color:black;\" class=\"rpt_feature rpt_feature_0-6\">Cobertura de M\u00f3viles Yoigo, Orange o Movistar<\/div><\/div><a target=\"_self\" href=\"https:\/\/ruralnet.es\/index.php\/me-interesa\/\" style=\"background:#8dba09\" class=\"rpt_foot rpt_foot_0\">Me interesa<\/a><\/div><div class=\"rpt_plan  rpt_plugin_f rpt_plan_1  \"><div style=\"text-align:center;\" class=\"rpt_title rpt_title_1\">FIBRA RESIDENCIAL 300M\/100M<\/div><div class=\"rpt_head rpt_head_1\"><div class=\"rpt_recurrence rpt_recurrence_1\">IVA INCLUIDO<\/div><div class=\"rpt_price rpt_price_1\"><sup class=\"rpt_currency\"> <\/sup>30\u20ac<\/div><div style=\"color:#dd9933;\" class=\"rpt_subtitle rpt_subtitle_1\">La mejor fibra si te gusta descargar<\/div><div class=\"rpt_description rpt_description_1\">Conexi\u00f3n de fibra de 300 Mbps de descarga y 100 Mbps de subida<\/div><\/div><div class=\"rpt_features rpt_features_1\"><div style=\"color:black;\" class=\"rpt_feature rpt_feature_1-0\">Alta e instalaci\u00f3n GRATUITAS\r<\/div><div style=\"color:black;\" class=\"rpt_feature rpt_feature_1-1\">DESCUENTOS POR SERVICIOS CONTRATADOS\r<\/div><div style=\"color:black;\" class=\"rpt_feature rpt_feature_1-2\">FTTH Cobertura vodafone\/orange\r<\/div><div style=\"color:black;\" class=\"rpt_feature rpt_feature_1-3\">Linea fija opcional (Llamadas ilimitadas 10\u20ac\/mes)\r<\/div><div style=\"color:black;\" class=\"rpt_feature rpt_feature_1-4\">Servicio de internet CG-NAT\r<\/div><div style=\"color:black;\" class=\"rpt_feature rpt_feature_1-5\">Combina tu fibra con la tarifa m\u00f3vil que m\u00e1s te interese\r<\/div><div style=\"color:black;\" class=\"rpt_feature rpt_feature_1-6\">Cobertura de M\u00f3viles Yoigo, Orange o Movistar<\/div><\/div><a target=\"_self\" href=\"https:\/\/ruralnet.es\/index.php\/me-interesa\/\" style=\"background:#dd9933\" class=\"rpt_foot rpt_foot_1\">Me interesa<\/a><\/div><div class=\"rpt_plan  rpt_plugin_f rpt_plan_2  \"><div style=\"text-align:center;\" class=\"rpt_title rpt_title_2\">FIBRA RESIDENCIAL 600M\/100M<\/div><div class=\"rpt_head rpt_head_2\"><div class=\"rpt_recurrence rpt_recurrence_2\">IVA INCLUIDO<\/div><div class=\"rpt_price rpt_price_2\"><sup class=\"rpt_currency\"> <\/sup>35\u20ac<\/div><div style=\"color:#dd3333;\" class=\"rpt_subtitle rpt_subtitle_2\">Si eres fan de las descargas...<\/div><div class=\"rpt_description rpt_description_2\">Conexi\u00f3n de fibra de 600 Mbps de descarga y 100 Mbps de subida<\/div><\/div><div class=\"rpt_features rpt_features_2\"><div style=\"color:black;\" class=\"rpt_feature rpt_feature_2-0\">Alta e instalaci\u00f3n GRATUITAS\r<\/div><div style=\"color:black;\" class=\"rpt_feature rpt_feature_2-1\">DESCUENTOS POR SERVICIOS CONTRATADOS\r<\/div><div style=\"color:black;\" class=\"rpt_feature rpt_feature_2-2\">FTTH Cobertura vodafone\/orange\r<\/div><div style=\"color:black;\" class=\"rpt_feature rpt_feature_2-3\">Linea fija opcional (Llamadas ilimitadas 10\u20ac\/mes)\r<\/div><div style=\"color:black;\" class=\"rpt_feature rpt_feature_2-4\">Servicio de internet CG-NAT\r<\/div><div style=\"color:black;\" class=\"rpt_feature rpt_feature_2-5\">Combina tu fibra con la tarifa m\u00f3vil que m\u00e1s te interese\r<\/div><div style=\"color:black;\" class=\"rpt_feature rpt_feature_2-6\">Cobertura de M\u00f3viles Yoigo, Orange o Movistar<\/div><\/div><a target=\"_self\" href=\"https:\/\/ruralnet.es\/index.php\/me-interesa\/\" style=\"background:#dd3333\" class=\"rpt_foot rpt_foot_2\">Me interesa<\/a><\/div><\/div><\/div><div style=\"clear:both;\"><\/div>\n\n\n\n<ul><li><em>PERMANENCIA 12 MESES &#8211; Penalizaci\u00f3n 120\u20ac.<\/em><\/li><li>Alta l\u00ednea fija 50\u20ac<\/li><\/ul>\n\n\n\n<hr class=\"wp-block-separator\"\/>\n\n\n\n<p class=\"has-background has-luminous-vivid-amber-background-color\">Al contratar <strong>varios servicios<\/strong> se aplican los siguientes <strong>descuentos<\/strong>:<\/p>\n\n\n\n<figure class=\"wp-block-table\"><table class=\"has-subtle-pale-green-background-color has-background\"><thead><tr><th><strong>SERVICIOS <\/strong><\/th><th><strong>DESCUENTO<\/strong><\/th><th><strong>PRECIO FINAL<\/strong><\/th><\/tr><\/thead><tbody><tr><td>-Fibra<br>-Fijo<br>-M\u00f3vil<\/td><td>2.50\u20ac<\/td><td>-100M = 32,50\u20ac +Tarifa M\u00f3vil<br>-300M = 37,50\u20ac +Tarifa M\u00f3vil <br>-600M = 42.50\u20ac +Tarifa M\u00f3vil <\/td><\/tr><tr><td>-Fibra<br>-Fijo<br>-2 M\u00f3viles o m\u00e1s<\/td><td>3\u20ac<\/td><td>-100M = 32\u20ac +Tarifas M\u00f3vil <br>-300M = 37\u20ac +Tarifas M\u00f3vil <br>-600M = 42\u20ac +Tarifas M\u00f3vil <\/td><\/tr><tr><td>-Fibra<br>-1 M\u00f3vil<\/td><td>0.50\u20ac<\/td><td>-100M = 24,50\u20ac +Tarifa M\u00f3vil <br>-300M = 29,50\u20ac +Tarifa M\u00f3vil <br>-600M = 34,50\u20ac +Tarifa M\u00f3vil  <\/td><\/tr><tr><td> -Fibra<br>-2 M\u00f3viles <\/td><td>1\u20ac<\/td><td>-100M = 24\u20ac +Tarifas M\u00f3vil <br>-300M = 29\u20ac +Tarifas M\u00f3vil <br>-600M = 34\u20ac +Tarifas M\u00f3vil  <\/td><\/tr><tr><td>-Fibra<br>-3 M\u00f3viles <\/td><td>2\u20ac<\/td><td>-100M = 23\u20ac +Tarifas M\u00f3vil <br>-300M = 28\u20ac +Tarifas M\u00f3vil <br>-600M = 33\u20ac +Tarifas M\u00f3vil   <\/td><\/tr><tr><td> -Fibra<br>-4 M\u00f3viles o m\u00e1s  <\/td><td>3\u20ac<\/td><td>-100M = 22\u20ac +Tarifas M\u00f3vil <br>-300M = 27\u20ac +Tarifas M\u00f3vil <br>-600M = 32\u20ac +Tarifas M\u00f3vil    <\/td><\/tr><\/tbody><\/table><\/figure>\n\n\n\n<p><\/p>\n","protected":false},"excerpt":{"rendered":"<p>Fibra de calidad a un precio inmejorable PERMANENCIA 12 MESES &#8211; Penalizaci\u00f3n 120\u20ac. Alta l\u00ednea fija 50\u20ac Al contratar varios servicios se aplican los siguientes descuentos: SERVICIOS DESCUENTO PRECIO FINAL -Fibra-Fijo-M\u00f3vil 2.50\u20ac -100M = 32,50\u20ac +Tarifa M\u00f3vil-300M = 37,50\u20ac +Tarifa M\u00f3vil -600M = 42.50\u20ac +Tarifa M\u00f3vil -Fibra-Fijo-2 M\u00f3viles o m\u00e1s 3\u20ac -100M = 32\u20ac +Tarifas M\u00f3vil -300M = 37\u20ac +Tarifas M\u00f3vil -600M = 42\u20ac +Tarifas M\u00f3vil -Fibra-1 M\u00f3vil 0.50\u20ac -100M = 24,50\u20ac +Tarifa M\u00f3vil -300M = 29,50\u20ac +Tarifa M\u00f3vil -600M = 34,50\u20ac +Tarifa M\u00f3vil -Fibra-2 M\u00f3viles 1\u20ac -100M = 24\u20ac +Tarifas M\u00f3vil -300M = 29\u20ac +Tarifas M\u00f3vil -600M = 34\u20ac +Tarifas M\u00f3vil -Fibra-3 M\u00f3viles 2\u20ac -100M = 23\u20ac +Tarifas M\u00f3vil&hellip; <a class=\"read-more\" href=\"https:\/\/ruralnet.es\/index.php\/rpt_pricing_table\/fibra-residencial\/\">Leer M\u00e1s<\/a><\/p>\n","protected":false},"author":1,"featured_media":0,"parent":641,"menu_order":0,"comment_status":"closed","ping_status":"closed","template":"","meta":[],"_links":{"self":[{"href":"https:\/\/ruralnet.es\/index.php\/wp-json\/wp\/v2\/pages\/644"}],"collection":[{"href":"https:\/\/ruralnet.es\/index.php\/wp-json\/wp\/v2\/pages"}],"about":[{"href":"https:\/\/ruralnet.es\/index.php\/wp-json\/wp\/v2\/types\/page"}],"author":[{"embeddable":true,"href":"https:\/\/ruralnet.es\/index.php\/wp-json\/wp\/v2\/users\/1"}],"replies":[{"embeddable":true,"href":"https:\/\/ruralnet.es\/index.php\/wp-json\/wp\/v2\/comments?post=644"}],"version-history":[{"count":16,"href":"https:\/\/ruralnet.es\/index.php\/wp-json\/wp\/v2\/pages\/644\/revisions"}],"predecessor-version":[{"id":908,"href":"https:\/\/ruralnet.es\/index.php\/wp-json\/wp\/v2\/pages\/644\/revisions\/908"}],"up":[{"embeddable":true,"href":"https:\/\/ruralnet.es\/index.php\/wp-json\/wp\/v2\/pages\/641"}],"wp:attachment":[{"href":"https:\/\/ruralnet.es\/index.php\/wp-json\/wp\/v2\/media?parent=644"}],"curies":[{"name":"wp","href":"https:\/\/api.w.org\/{rel}","templated":true}]}}