{"id":573,"date":"2019-05-07T08:15:14","date_gmt":"2019-05-07T08:15:14","guid":{"rendered":"http:\/\/ruralnet.es\/?page_id=573"},"modified":"2020-05-14T15:14:20","modified_gmt":"2020-05-14T15:14:20","slug":"movil-cobertura-orange","status":"publish","type":"page","link":"https:\/\/ruralnet.es\/index.php\/telefonia\/movil-cobertura-orange\/","title":{"rendered":"M\u00f3vil cobertura ORANGE"},"content":{"rendered":"\n<hr class=\"wp-block-separator\"\/>\n\n\n\n<ul><li>Tarifas completamente configurables y econ\u00f3micas.<\/li><li>Utilizamos cobertura de Orange.<\/li><li>Navegaci\u00f3n 4G.<\/li><li>No tenemos permanencias.<\/li><li>Nuestros servicios tambi\u00e9n funcionan en el extranjero (Roaming Zona1 incluido).<\/li><li>Incluimos llamadas a fijos y m\u00f3viles nacionales e Internacionales (Europa Zona A)<\/li><li>Servicio Multisim<\/li><\/ul>\n\n\n\n<hr class=\"wp-block-separator\"\/>\n\n\n\n<h2>Ilimitadas RuralNet<\/h2>\n\n\n\n<figure class=\"wp-block-table aligncenter\"><table class=\"has-subtle-pale-green-background-color has-fixed-layout has-background\"><thead><tr><th><strong>TARIFAS <\/strong><\/th><th><strong>SMS<\/strong><\/th><th>LLAMADAS<\/th><th><strong>DATOS<\/strong><\/th><th><strong>PRECIO<\/strong><\/th><\/tr><\/thead><tbody><tr><td>ILIMITADA DOS<\/td><td>1000<\/td><td>Ilimitadas Fijos y m\u00f3viles nacionales y Zona A<\/td><td>2 GB<\/td><td><strong>9,90 \u20ac<\/strong><\/td><\/tr><tr><td>ILIMITADA CUATRO<\/td><td>1000<\/td><td>Ilimitadas Fijos y m\u00f3viles nacionales y Zona A<\/td><td>4 GB<\/td><td><strong>11,90 \u20ac<\/strong><\/td><\/tr><tr><td>ILIMITADA SEIS<\/td><td>1000<\/td><td>Ilimitadas Fijos y m\u00f3viles nacionales y Zona A<\/td><td>6 GB<\/td><td><strong>14,90 \u20ac<\/strong><\/td><\/tr><tr><td>ILIMITADA DIEZ<\/td><td>1000<\/td><td>Ilimitadas Fijos y m\u00f3viles nacionales y Zona A<\/td><td>10 GB<\/td><td><strong>16,90 \u20ac<\/strong><\/td><\/tr><tr><td>ILIMITADA VEINTICINCO<\/td><td>1000<\/td><td>Ilimitadas Fijos y m\u00f3viles nacionales y Zona A<\/td><td>25 GB<\/td><td><strong>19,90 \u20ac<\/strong><\/td><\/tr><tr><td>ILIMITADA CINCUENTA<\/td><td>1000<\/td><td>Ilimitadas Fijos y m\u00f3viles nacionales y Zona A<\/td><td>50 GB<\/td><td><strong>29,90 \u20ac<\/strong><\/td><\/tr><\/tbody><\/table><\/figure>\n\n\n\n<hr class=\"wp-block-separator\"\/>\n\n\n\n<ul><li><em>Bonos de voz sujetos a normas de uso razonable (2400 minutos o 150 destinos al mes). Superado limite 0.20\u20ac establecimiento + 0.05\u20ac\/min.<\/em><\/li><li><em>SMS destinados a m\u00f3viles nacionales.<\/em><\/li><li><em>Precio servicio Multisim 5\u20ac\/mes<\/em><\/li><\/ul>\n","protected":false},"excerpt":{"rendered":"<p>Tarifas completamente configurables y econ\u00f3micas. Utilizamos cobertura de Orange. Navegaci\u00f3n 4G. No tenemos permanencias. Nuestros servicios tambi\u00e9n funcionan en el extranjero (Roaming Zona1 incluido). Incluimos llamadas a fijos y m\u00f3viles nacionales e Internacionales (Europa Zona A) Servicio Multisim Ilimitadas RuralNet TARIFAS SMS LLAMADAS DATOS PRECIO ILIMITADA DOS 1000 Ilimitadas Fijos y m\u00f3viles nacionales y Zona A 2 GB 9,90 \u20ac ILIMITADA CUATRO 1000 Ilimitadas Fijos y m\u00f3viles nacionales y Zona A 4 GB 11,90 \u20ac ILIMITADA SEIS 1000 Ilimitadas Fijos y m\u00f3viles nacionales y Zona A 6 GB 14,90 \u20ac ILIMITADA DIEZ 1000 Ilimitadas Fijos y m\u00f3viles nacionales y Zona A 10 GB 16,90 \u20ac ILIMITADA VEINTICINCO 1000 Ilimitadas Fijos&hellip; <a class=\"read-more\" href=\"https:\/\/ruralnet.es\/index.php\/telefonia\/movil-cobertura-orange\/\">Leer M\u00e1s<\/a><\/p>\n","protected":false},"author":1,"featured_media":0,"parent":187,"menu_order":0,"comment_status":"closed","ping_status":"closed","template":"","meta":[],"_links":{"self":[{"href":"https:\/\/ruralnet.es\/index.php\/wp-json\/wp\/v2\/pages\/573"}],"collection":[{"href":"https:\/\/ruralnet.es\/index.php\/wp-json\/wp\/v2\/pages"}],"about":[{"href":"https:\/\/ruralnet.es\/index.php\/wp-json\/wp\/v2\/types\/page"}],"author":[{"embeddable":true,"href":"https:\/\/ruralnet.es\/index.php\/wp-json\/wp\/v2\/users\/1"}],"replies":[{"embeddable":true,"href":"https:\/\/ruralnet.es\/index.php\/wp-json\/wp\/v2\/comments?post=573"}],"version-history":[{"count":17,"href":"https:\/\/ruralnet.es\/index.php\/wp-json\/wp\/v2\/pages\/573\/revisions"}],"predecessor-version":[{"id":756,"href":"https:\/\/ruralnet.es\/index.php\/wp-json\/wp\/v2\/pages\/573\/revisions\/756"}],"up":[{"embeddable":true,"href":"https:\/\/ruralnet.es\/index.php\/wp-json\/wp\/v2\/pages\/187"}],"wp:attachment":[{"href":"https:\/\/ruralnet.es\/index.php\/wp-json\/wp\/v2\/media?parent=573"}],"curies":[{"name":"wp","href":"https:\/\/api.w.org\/{rel}","templated":true}]}}