{"id":328,"date":"2018-02-26T12:04:04","date_gmt":"2018-02-26T12:04:04","guid":{"rendered":"http:\/\/ruralnet.es\/?page_id=328"},"modified":"2019-02-20T08:51:03","modified_gmt":"2019-02-20T08:51:03","slug":"aviso-de-privacidad-de-ruralnet","status":"publish","type":"page","link":"https:\/\/ruralnet.es\/index.php\/aviso-de-privacidad-de-ruralnet\/","title":{"rendered":"LEGAL"},"content":{"rendered":"\n<hr class=\"wp-block-separator\"\/>\n\n\n\n<h4>AVISO LEGAL<\/h4>\n\n\n\n<pre class=\"wp-block-preformatted\">Alberto Carlos Quinteiro Presa, con NIF\/CIF 71551799H, direcci\u00f3n Avda. El Bierzo N\u00ba75, 24375 - Pobladura De Las Regueras (Le\u00f3n), no puede asumir ninguna responsabilidad derivada del uso incorrecto, inapropiado o il\u00edcito de la informaci\u00f3n aparecida en las p\u00e1ginas de Internet de www.ruralnet.es Con los l\u00edmites establecidos en la ley, www.ruralnet.es no asume ninguna responsabilidad derivada de la falta de veracidad, integridad, actualizaci\u00f3n y precisi\u00f3n de los datos o informaciones que se contienen en sus p\u00e1ginas de Internet. Los contenidos e informaci\u00f3n no vinculan a www.ruralnet.es ni constituyen opiniones, consejos o asesoramiento legal de ning\u00fan tipo pues se trata meramente de un servicio ofrecido con car\u00e1cter informativo y divulgativo. Las p\u00e1ginas de Internet de www.ruralnet.es pueden contener enlaces (links) a otras p\u00e1ginas de terceras partes que www.ruralnet.es no puede controlar. Por lo tanto, www.ruralnet.es no puede asumir responsabilidades por el contenido que pueda aparecer en p\u00e1ginas de terceros. Los textos, im\u00e1genes, sonidos, animaciones, software y el resto de contenidos incluidos en este website son propiedad exclusiva de www.ruralnet.es o sus licenciantes. Cualquier acto de transmisi\u00f3n, distribuci\u00f3n, cesi\u00f3n, reproducci\u00f3n, almacenamiento o comunicaci\u00f3n p\u00fablica total o parcial, debe contar con el consentimiento expreso de www.ruralnet.es. Asimismo, para acceder a algunos de los servicios que www.ruralnet.es ofrece a trav\u00e9s del website deber\u00e1 proporcionar algunos datos de car\u00e1cter personal. En cumplimiento de lo establecido en la Ley Org\u00e1nica 15\/1999, de 13 de diciembre, de Protecci\u00f3n de Datos de Car\u00e1cter Personal le informamos que, mediante la cumplimentaci\u00f3n de los presentes formularios, sus datos personales quedar\u00e1n incorporados y ser\u00e1n tratados en los ficheros de Alberto Carlos Quinteiro Presa con el fin de poderle prestar y ofrecer nuestros servicios as\u00ed como para informarle de las mejoras del sitio Web. Asimismo, le informamos de la posibilidad de que ejerza los derechos de acceso, rectificaci\u00f3n, cancelaci\u00f3n y oposici\u00f3n de sus datos de car\u00e1cter personal, manera gratuita mediante email a admin@ruralnet.es o en la direcci\u00f3n Avda. El Bierzo N\u00ba75, 24375 - Pobladura De Las Regueras (Le\u00f3n).<\/pre>\n\n\n\n<h4>POL\u00cdTICA DE PRIVACIDAD<\/h4>\n\n\n\n<h5>Protecci\u00f3n de datos de car\u00e1cter personal seg\u00fan la LOPD<\/h5>\n\n\n\n<pre class=\"wp-block-preformatted\"> Alberto Carlos Quinteiro Presa, en aplicaci\u00f3n de la normativa vigente en materia de protecci\u00f3n de datos de car\u00e1cter personal, informa que los datos personales que se recogen a trav\u00e9s de los formularios del sitio web www.ruralnet.es se incluyen en los ficheros automatizados espec\u00edficos de usuarios de los servicios de Alberto Carlos Quinteiro Presa La recogida y tratamiento automatizado de los datos de car\u00e1cter personal tiene como finalidad el mantenimiento de la relaci\u00f3n comercial y el desempe\u00f1o de tareas de informaci\u00f3n, formaci\u00f3n, asesoramiento y otras actividades propias de Alberto Carlos Quinteiro Presa Estos datos \u00fanicamente ser\u00e1n cedidos a aquellas entidades que sean necesarias con el \u00fanico objetivo de dar cumplimiento a la finalidad anteriormente expuesta. Alberto Carlos Quinteiro Presa adopta las medidas necesarias para garantizar la seguridad, integridad y confidencialidad de los datos conforme a lo dispuesto en la Ley Org\u00e1nica 15\/1999 de 13 de diciembre, de Protecci\u00f3n de Datos de Car\u00e1cter Personal (LOPD). El usuario podr\u00e1 en cualquier momento ejercitar los derechos de acceso, oposici\u00f3n, rectificaci\u00f3n y cancelaci\u00f3n reconocidos en la citada LOPD. El ejercicio de estos derechos puede realizarlo el propio usuario a trav\u00e9s de email a admin@ruralnet.es o en la direcci\u00f3n Avda. El Bierzo N\u00ba75, 24375 - Pobladura De Las Regueras (Le\u00f3n). El usuario manifiesta que todos los datos facilitados por \u00e9l son ciertos y correctos, y se compromete a mantenerlos actualizados, comunicando los cambios a Alberto Carlos Quinteiro Presa <\/pre>\n\n\n\n<h5>Datos recopilados por usuarios de los servicios<\/h5>\n\n\n\n<pre class=\"wp-block-preformatted\"> En los casos en que el usuario incluya ficheros con datos de car\u00e1cter personal en los servidores de alojamiento compartido, Alberto Carlos Quinteiro Presa no se hace responsable del incumplimiento por parte del usuario de la LOPD <\/pre>\n\n\n\n<h5>Retenci\u00f3n de datos en conformidad a la LSSI<\/h5>\n\n\n\n<pre class=\"wp-block-preformatted\"> Alberto Carlos Quinteiro Presa informa de que, como prestador de servicio de alojamiento de datos y en virtud de lo establecido en la Ley34\/2002 de 11 de julio de Servicios de la Sociedad de la Informaci\u00f3n y de Comercio Electr\u00f3nico (LSSI), retiene por un periodo m\u00e1ximo de 12 meses la informaci\u00f3n imprescindible para identificar el origen de los datos alojados y el momento en que se inici\u00f3 la prestaci\u00f3n del servicio. La retenci\u00f3n de estos datos no afecta al secreto de las comunicaciones y s\u00f3lo podr\u00e1n ser utilizados en el marco de una investigaci\u00f3n criminal o para la salvaguardia de la seguridad p\u00fablica, poni\u00e9ndose a disposici\u00f3n de los jueces y\/o tribunales o del Ministerio que as\u00ed los requiera. La comunicaci\u00f3n de datos a las Fuerzas y Cuerpos del Estado se har\u00e1 en virtud a lo dispuesto en la normativa sobre protecci\u00f3n de datos personales. <\/pre>\n\n\n\n<h5>Derechos propiedad intelectual www.ruralnet.es<\/h5>\n\n\n\n<pre class=\"wp-block-preformatted\">Alberto Carlos Quinteiro Presa es titular de todos los derechos de autor, propiedad intelectual, industrial, \"know how\" y cuantos otros derechos guardan relaci\u00f3n con los contenidos del sitio web www.ruralnet.es y los servicios ofertados en el mismo, as\u00ed como de los programas necesarios para su implementaci\u00f3n y la informaci\u00f3n relacionada. No se permite la reproducci\u00f3n, publicaci\u00f3n y\/o uso no estrictamente privado de los contenidos, totales o parciales, del sitio web www.ruralnet.es sin el consentimiento previo y por escrito.<\/pre>\n\n\n\n<h5>Propiedad intelectual del software<\/h5>\n\n\n\n<pre class=\"wp-block-preformatted\"> El usuario debe respetar los programas de terceros puestos a su disposici\u00f3n por Alberto Carlos Quinteiro Presa, aun siendo gratuitos y\/o de disposici\u00f3n p\u00fablica. Alberto Carlos Quinteiro Presa dispone de los derechos de explotaci\u00f3n y propiedad intelectual necesarios del software. El usuario no adquiere derecho alguno o licencia por el servicio contratado, sobre el software necesario para la prestaci\u00f3n del servicio, ni tampoco sobre la informaci\u00f3n t\u00e9cnica de seguimiento del servicio, excepci\u00f3n hecha de los derechos y licencias necesarios para el cumplimiento de los servicios contratados y \u00fanicamente durante la duraci\u00f3n de los mismos. Para toda actuaci\u00f3n que exceda del cumplimiento del contrato, el usuario necesitar\u00e1 autorizaci\u00f3n por escrito por parte de Alberto Carlos Quinteiro Presa, quedando prohibido al usuario acceder, modificar, visualizar la configuraci\u00f3n, estructura y ficheros de los servidores propiedad de Alberto Carlos Quinteiro Presa, asumiendo la responsabilidad civil y penal derivada de cualquier incidencia que se pudiera producir en los servidores y sistemas de seguridad como consecuencia directa de una actuaci\u00f3n negligente o maliciosa por su parte. <\/pre>\n\n\n\n<h5>Propiedad intelectual de los contenidos alojados<\/h5>\n\n\n\n<pre class=\"wp-block-preformatted\"> Se proh\u00edbe el uso contrario a la legislaci\u00f3n sobre propiedad intelectual de los servicios prestados por Alberto Carlos Quinteiro Presa y, en particular de: La utilizaci\u00f3n que resulte contraria a las leyes espa\u00f1olas o que infrinja los derechos de terceros. La publicaci\u00f3n o la transmisi\u00f3n de cualquier contenido que, a juicio de Alberto Carlos Quinteiro Presa, resulte violento, obsceno, abusivo, ilegal, racial, xen\u00f3fobo o difamatorio. Los cracks, n\u00fameros de serie de programas o cualquier otro contenido que vulnere derechos de la propiedad intelectual de terceros. La recogida y\/o utilizaci\u00f3n de datos personales de otros usuarios sin su consentimiento expreso o contraviniendo lo dispuesto en la Ley Org\u00e1nica 15\/1999, de 13 de diciembre, de Protecci\u00f3n de Datos de Car\u00e1cter Personal. La utilizaci\u00f3n del servidor de correo del dominio y de las direcciones de correo electr\u00f3nico para el env\u00edo de correo masivo no deseado. El usuario tiene toda la responsabilidad sobre el contenido de su web, la informaci\u00f3n transmitida y almacenada, los enlaces de hipertexto, las reivindicaciones de terceros y las acciones legales en referencia a propiedad intelectual, derechos de terceros y protecci\u00f3n de menores. El usuario es responsable respecto a las leyes y reglamentos en vigor y las reglas que tienen que ver con el funcionamiento del servicio online, comercio electr\u00f3nico, derechos de autor, mantenimiento del orden p\u00fablico, as\u00ed como principios universales de uso de Internet. El usuario indemnizar\u00e1 a Alberto Carlos Quinteiro Presa por los gastos que generara la imputaci\u00f3n de la Alberto Carlos Quinteiro Presa en alguna causa cuya responsabilidad fuera atribuible al usuario, incluidos honorarios y gastos de&nbsp;defensa jur\u00eddica, incluso en el caso de una decisi\u00f3n judicial no definitiva.<\/pre>\n\n\n\n<h5>Protecci\u00f3n de la informaci\u00f3n alojada <\/h5>\n\n\n\n<pre class=\"wp-block-preformatted\"> Alberto Carlos Quinteiro Presa realiza copias de seguridad de los contenidos alojados en sus servidores, sin embargo no se responsabiliza de la p\u00e9rdida o el borrado accidental de los datos por parte de los usuarios. De igual manera, no garantiza la reposici\u00f3n total de los datos borrados por los usuarios, ya que los citados datos podr\u00edan haber sido suprimidos y\/o modificados durante el periodo del tiempo transcurrido desde la \u00faltima copia de seguridad. Los servicios ofertados, excepto los servicios espec\u00edficos de backup, no incluyen la reposici\u00f3n de los contenidos conservados en las copias de seguridad realizadas por Alberto Carlos Quinteiro Presa, cuando esta p\u00e9rdida sea imputable al usuario; en este caso, se determinar\u00e1 una tarifa acorde a la complejidad y volumen de la recuperaci\u00f3n, siempre previa aceptaci\u00f3n del usuario. La reposici\u00f3n de datos borrados s\u00f3lo est\u00e1 incluida en el precio del servicio cuando la p\u00e9rdida del contenido sea debida a causas atribuibles a Alberto Carlos Quinteiro Presa. <\/pre>\n\n\n\n<h5>Comunicaciones comerciales<\/h5>\n\n\n\n<pre class=\"wp-block-preformatted\"> En aplicaci\u00f3n de la LSSI. Alberto Carlos Quinteiro Presa no enviar\u00e1 comunicaciones publicitarias o promocionales por correo electr\u00f3nico u otro medio de comunicaci\u00f3n electr\u00f3nica equivalente que previamente no hubieran sido solicitadas o expresamente autorizadas por los destinatarios de las mismas. En el caso de usuarios con los que exista una relaci\u00f3n contractual previa, Alberto Carlos Quinteiro Presa s\u00ed est\u00e1 autorizado al env\u00edo de comunicaciones comerciales referentes a productos o servicios de la Alberto Carlos Quinteiro Presa que sean similares a los que inicialmente fueron objeto de contrataci\u00f3n con el cliente. En todo caso, el usuario puede solicitar que no se le hagan llegar m\u00e1s informaciones comerciales a trav\u00e9s de los canales de Atenci\u00f3n al Cliente, tras acreditar su identidad. <br><\/pre>\n\n\n\n<hr class=\"wp-block-separator\"\/>\n\n\n\n<h4> Cookies <\/h4>\n\n\n\n<h5> Pol\u00edtica de cookies <\/h5>\n\n\n\n<pre class=\"wp-block-preformatted\">Alberto Carlos Quinteiro Presa informa acerca del uso de las cookies en su p\u00e1gina web: www.ruralnet.es<br><\/pre>\n\n\n\n<h5> \u00bfQu\u00e9 son las cookies? <\/h5>\n\n\n\n<pre class=\"wp-block-preformatted\">Las cookies son archivos que se pueden descargar en su equipo a trav\u00e9s de las p\u00e1ginas web. Son herramientas que tienen un papel esencial para la prestaci\u00f3n de numerosos servicios de la sociedad de la informaci\u00f3n. Entre otros, permiten a una p\u00e1gina web almacenar y recuperar informaci\u00f3n sobre los h\u00e1bitos de navegaci\u00f3n de un usuario o de su equipo y, dependiendo de la informaci\u00f3n obtenida, se pueden utilizar para reconocer al usuario y mejorar el servicio ofrecido. <\/pre>\n\n\n\n<h5>Tipos de cookies<\/h5>\n\n\n\n<pre class=\"wp-block-preformatted\">Seg\u00fan quien sea la entidad que gestione el dominio desde donde se env\u00edan las cookies y trate los datos que se obtengan se pueden distinguir dos tipos: <br>\u2022 Cookies propias: aqu\u00e9llas que se env\u00edan al equipo terminal del usuario desde un equipo o dominio gestionado por el propio editor y desde el que se presta el servicio solicitado por el usuario. <br>\u2022 Cookies de terceros: aqu\u00e9llas que se env\u00edan al equipo terminal del usuario desde un equipo o dominio que no es gestionado por el editor, sino por otra entidad que trata los datos obtenidos trav\u00e9s de las cookies. En el caso de que las cookies sean instaladas desde un equipo o dominio gestionado por el propio editor pero la informaci\u00f3n que se recoja mediante \u00e9stas sea gestionada por un tercero, no pueden ser consideradas como cookies propias. Existe tambi\u00e9n una segunda clasificaci\u00f3n seg\u00fan el plazo de tiempo que permanecen almacenadas en el navegador del cliente, pudiendo tratarse de: <br>\u2022 Cookies de sesi\u00f3n: dise\u00f1adas para recabar y almacenar datos mientras el usuario accede a una p\u00e1gina web. Se suelen emplear para almacenar informaci\u00f3n que solo interesa conservar para la prestaci\u00f3n del servicio solicitado por el usuario en una sola ocasi\u00f3n (p.e. una lista de productos adquiridos). <br>\u2022 Cookies persistentes: los datos siguen almacenados en el terminal y pueden ser accedidos y tratados durante un periodo definido por el responsable de la cookie, y que puede ir de unos minutos a varios a\u00f1os. Por \u00faltimo, existe otra clasificaci\u00f3n con cinco tipos de cookies seg\u00fan la finalidad para la que se traten los datos obtenidos: <br>\u2022 Cookies t\u00e9cnicas: aquellas que permiten al usuario la navegaci\u00f3n a trav\u00e9s de una p\u00e1gina web,&nbsp;plataforma o aplicaci\u00f3n y la utilizaci\u00f3n de las diferentes opciones o servicios que en ella existan como, por ejemplo, controlar el tr\u00e1fico y la comunicaci\u00f3n de datos, identificar la sesi\u00f3n, acceder a partes de acceso restringido, recordar los elementos que integran un pedido, realizar el proceso de compra de un pedido, realizar la solicitud de inscripci\u00f3n o participaci\u00f3n en un evento, utilizar elementos de seguridad durante la navegaci\u00f3n, almacenar contenidos para la difusi\u00f3n de v\u00eddeos o sonido o compartir contenidos a trav\u00e9s de redes sociales. <br>\u2022 Cookies de personalizaci\u00f3n: permiten al usuario acceder al servicio con algunas caracter\u00edsticas de car\u00e1cter general predefinidas en funci\u00f3n de una serie de criterios en el terminal del usuario como por ejemplo serian el idioma, el tipo de navegador a trav\u00e9s del cual accede al servicio, la configuraci\u00f3n regional desde donde accede al servicio, etc. <br>\u2022 Cookies de an\u00e1lisis: permiten al responsable de las mismas, el seguimiento y an\u00e1lisis del comportamiento de los usuarios de los sitios web a los que est\u00e1n vinculadas. La informaci\u00f3n recogida mediante este tipo de cookies se utiliza en la medici\u00f3n de la actividad de los sitios web, aplicaci\u00f3n o plataforma y para la elaboraci\u00f3n de perfiles de navegaci\u00f3n de los usuarios de dichos sitios, aplicaciones y plataformas, con el fin de introducir mejoras en funci\u00f3n del an\u00e1lisis de los datos de uso que hacen los usuarios del servicio. <br>\u2022 Cookies publicitarias: permiten la gesti\u00f3n, de la forma m\u00e1s eficaz posible, de los espacios publicitarios. <br>\u2022 Cookies de publicidad comportamental: almacenan informaci\u00f3n del comportamiento de los usuarios obtenida a trav\u00e9s de la observaci\u00f3n continuada de sus h\u00e1bitos de navegaci\u00f3n, lo que permite desarrollar un perfil espec\u00edfico para mostrar publicidad en funci\u00f3n del mismo. <br>\u2022 Cookies de redes sociales externas: se utilizan para que los visitantes puedan interactuar con el contenido de diferentes plataformas sociales (facebook, youtube, twitter, linkedIn, etc..) y que se generen \u00fanicamente para los usuarios de dichas redes sociales. Las condiciones de utilizaci\u00f3n de estas cookies y la informaci\u00f3n recopilada se regula por la pol\u00edtica de privacidad de la plataforma social correspondiente. <\/pre>\n\n\n\n<h5> Desactivaci\u00f3n y eliminaci\u00f3n de cookies <\/h5>\n\n\n\n<pre class=\"wp-block-preformatted\">Tienes la opci\u00f3n de permitir, bloquear o eliminar las cookies instaladas en tu equipo mediante la configuraci\u00f3n de las opciones del navegador instalado en su equipo. Al desactivar cookies, algunos de los servicios disponibles podr\u00edan dejar de estar operativos. La forma de deshabilitar las cookies es diferente para cada navegador, pero normalmente puede hacerse desde el men\u00fa Herramientas u Opciones. Tambi\u00e9n puede consultarse el men\u00fa de Ayuda del navegador d\u00f3nde puedes encontrar instrucciones. El usuario podr\u00e1 en cualquier momento elegir qu\u00e9 cookies quiere que funcionen en este sitio web. Puede usted permitir, bloquear o eliminar las cookies instaladas en su equipo mediante la configuraci\u00f3n de las opciones del navegador instalado en su ordenador: <br>\u2022 Microsoft Internet Explorer o Microsoft Edge: http:\/\/windows.microsoft.com\/es-es\/windows-vista\/Block-or-allow-cookies <br>\u2022 Mozilla Firefox: http:\/\/support.mozilla.org\/es\/kb\/impedir-que-los-sitios-web-guarden-sus-preferencia Protecci\u00f3n de Datos - Pol\u00edtica de cookies para incorporar en la p\u00e1gina web 3\/4 <br>\u2022 Chrome: https:\/\/support.google.com\/accounts\/answer\/61416?hl=es <br>\u2022 Safari: http:\/\/safari.helpmax.net\/es\/privacidad-y-seguridad\/como-gestionar-las-cookies\/ <br>\u2022 Opera: http:\/\/help.opera.com\/Linux\/10.60\/es-ES\/cookies.html Adem\u00e1s, tambi\u00e9n puede gestionar el almac\u00e9n de cookies en su navegador a trav\u00e9s de herramientas como las siguientes <br>\u2022 Ghostery: www.ghostery.com\/ <br>\u2022 Your online choices: www.youronlinechoices.com\/es\/ <\/pre>\n\n\n\n<h5> Cookies utilizadas en www.ruralnet.es <\/h5>\n\n\n\n<pre class=\"wp-block-preformatted\">A continuaci\u00f3n se identifican las cookies que est\u00e1n siendo utilizadas en este portal as\u00ed como su tipolog\u00eda y funci\u00f3n:<br>Cookies propias <\/pre>\n\n\n\n<h5> Aceptaci\u00f3n de la Politica de cookies <\/h5>\n\n\n\n<pre class=\"wp-block-preformatted\"> www.ruralnet.es asume que usted acepta el uso de cookies. No obstante, muestra informaci\u00f3n sobre su Pol\u00edtica de cookies en la parte inferior o superior de cualquier p\u00e1gina del portal con cada inicio de sesi\u00f3n con el objeto de que usted sea consciente.<br>Ante esta informaci\u00f3n es posible llevar a cabo las siguientes acciones:<br>\u2022 Aceptar cookies. No se volver\u00e1 a visualizar este aviso al acceder a cualquier p\u00e1gina del portal durante<br>la presente sesi\u00f3n.<br>\u2022 Cerrar. Se oculta el aviso en la presente p\u00e1gina.<br>\u2022 Modificar su configuraci\u00f3n. Podr\u00e1 obtener m\u00e1s informaci\u00f3n sobre qu\u00e9 son las cookies, conocer la<br>Pol\u00edtica de cookies de www.ruralnet.es y modificar la configuraci\u00f3n de su navegador. <\/pre>\n\n\n\n<hr class=\"wp-block-separator\"\/>\n","protected":false},"excerpt":{"rendered":"<p>AVISO LEGAL Alberto Carlos Quinteiro Presa, con NIF\/CIF 71551799H, direcci\u00f3n Avda. El Bierzo N\u00ba75, 24375 &#8211; Pobladura De Las Regueras (Le\u00f3n), no puede asumir ninguna responsabilidad derivada del uso incorrecto, inapropiado o il\u00edcito de la informaci\u00f3n aparecida en las p\u00e1ginas de Internet de www.ruralnet.es Con los l\u00edmites establecidos en la ley, www.ruralnet.es no asume ninguna responsabilidad derivada de la falta de veracidad, integridad, actualizaci\u00f3n y precisi\u00f3n de los datos o informaciones que se contienen en sus p\u00e1ginas de Internet. Los contenidos e informaci\u00f3n no vinculan a www.ruralnet.es ni constituyen opiniones, consejos o asesoramiento legal de ning\u00fan tipo pues se trata meramente de un servicio ofrecido con car\u00e1cter informativo y divulgativo.&hellip; <a class=\"read-more\" href=\"https:\/\/ruralnet.es\/index.php\/aviso-de-privacidad-de-ruralnet\/\">Leer M\u00e1s<\/a><\/p>\n","protected":false},"author":1,"featured_media":0,"parent":0,"menu_order":0,"comment_status":"closed","ping_status":"closed","template":"","meta":[],"_links":{"self":[{"href":"https:\/\/ruralnet.es\/index.php\/wp-json\/wp\/v2\/pages\/328"}],"collection":[{"href":"https:\/\/ruralnet.es\/index.php\/wp-json\/wp\/v2\/pages"}],"about":[{"href":"https:\/\/ruralnet.es\/index.php\/wp-json\/wp\/v2\/types\/page"}],"author":[{"embeddable":true,"href":"https:\/\/ruralnet.es\/index.php\/wp-json\/wp\/v2\/users\/1"}],"replies":[{"embeddable":true,"href":"https:\/\/ruralnet.es\/index.php\/wp-json\/wp\/v2\/comments?post=328"}],"version-history":[{"count":16,"href":"https:\/\/ruralnet.es\/index.php\/wp-json\/wp\/v2\/pages\/328\/revisions"}],"predecessor-version":[{"id":557,"href":"https:\/\/ruralnet.es\/index.php\/wp-json\/wp\/v2\/pages\/328\/revisions\/557"}],"wp:attachment":[{"href":"https:\/\/ruralnet.es\/index.php\/wp-json\/wp\/v2\/media?parent=328"}],"curies":[{"name":"wp","href":"https:\/\/api.w.org\/{rel}","templated":true}]}}