{"id":25,"date":"2017-08-22T15:54:36","date_gmt":"2017-08-22T15:54:36","guid":{"rendered":"http:\/\/94.23.85.210\/wordpress\/?page_id=25"},"modified":"2020-05-04T18:18:57","modified_gmt":"2020-05-04T18:18:57","slug":"internet-wimax-local","status":"publish","type":"page","link":"https:\/\/ruralnet.es\/index.php\/internet-rural\/internet-wimax-local\/","title":{"rendered":"Internet WIMAX Local"},"content":{"rendered":"\n<p class=\"has-text-color has-background has-very-dark-gray-color has-light-green-cyan-background-color\"> <strong>Si en tu localidad existe este tipo de cobertura est\u00e1s de enhorabuena,  los precios ofrecidos en este tipo de servicios son notablemente m\u00e1s econ\u00f3micos. <\/strong><\/p>\n\n\n\n<div id=\"rpt_pricr\" class=\"rpt_plans rpt_4_plans rpt_style_basic\"><div class=\"\"><div class=\"rpt_plan  rpt_plugin_f rpt_plan_0  \"><div style=\"text-align:center;\" class=\"rpt_title rpt_title_0\">Local Wimax 10M\/1M<\/div><div class=\"rpt_head rpt_head_0\"><div class=\"rpt_recurrence rpt_recurrence_0\">IVA INCLUIDO<\/div><div class=\"rpt_price rpt_price_0\"><sup class=\"rpt_currency\"> <\/sup>19,90\u20ac<\/div><div style=\"color:#81d742;\" class=\"rpt_subtitle rpt_subtitle_0\">Si quieres un servicio de internet bueno y barato esta es tu tarifa<\/div><div class=\"rpt_description rpt_description_0\">Conexi\u00f3n a internet Wimax con 10Mbps de descarga y 1 Mbps de subida<\/div><\/div><div class=\"rpt_features rpt_features_0\"><div style=\"color:black;\" class=\"rpt_feature rpt_feature_0-0\">10 Mbps de descarga\r<\/div><div style=\"color:black;\" class=\"rpt_feature rpt_feature_0-1\">1 Mbps de subida\r<\/div><div style=\"color:black;\" class=\"rpt_feature rpt_feature_0-2\">Router Wifi Incluido \r<\/div><div style=\"color:black;\" class=\"rpt_feature rpt_feature_0-3\">Sin permanencia\r<\/div><div style=\"color:black;\" class=\"rpt_feature rpt_feature_0-4\">Alta 50\u20ac\r<\/div><div style=\"color:black;\" class=\"rpt_feature rpt_feature_0-5\">Servicio internet CG-NAT\r<\/div><div style=\"color:black;\" class=\"rpt_feature rpt_feature_0-6\">Posibilidad de contratar IP fija<\/div><\/div><a target=\"_self\" href=\"https:\/\/ruralnet.es\/index.php\/me-interesa\/\" style=\"background:#81d742\" class=\"rpt_foot rpt_foot_0\">Me interesa<\/a><\/div><div class=\"rpt_plan  rpt_plugin_f rpt_plan_1  \"><div style=\"text-align:center;\" class=\"rpt_title rpt_title_1\">Local Wimax 20M\/2M<\/div><div class=\"rpt_head rpt_head_1\"><div class=\"rpt_recurrence rpt_recurrence_1\">IVA INCLUIDO<\/div><div class=\"rpt_price rpt_price_1\"><sup class=\"rpt_currency\"> <\/sup>29,90\u20ac<\/div><div style=\"color:#81d742;\" class=\"rpt_subtitle rpt_subtitle_1\">Si te gusta consumir contenido multimedia esta es tu tarifa<\/div><div class=\"rpt_description rpt_description_1\">Conexi\u00f3n a internet Wimax con 20Mbps de descarga y 2 Mbps de subida<\/div><\/div><div class=\"rpt_features rpt_features_1\"><div style=\"color:black;\" class=\"rpt_feature rpt_feature_1-0\">20 Mbps de descarga\r<\/div><div style=\"color:black;\" class=\"rpt_feature rpt_feature_1-1\">2 Mbps de subida\r<\/div><div style=\"color:black;\" class=\"rpt_feature rpt_feature_1-2\">Router Wifi Incluido \r<\/div><div style=\"color:black;\" class=\"rpt_feature rpt_feature_1-3\">Sin permanencia\r<\/div><div style=\"color:black;\" class=\"rpt_feature rpt_feature_1-4\">Alta 50\u20ac\r<\/div><div style=\"color:black;\" class=\"rpt_feature rpt_feature_1-5\">Servicio internet CG-NAT\r<\/div><div style=\"color:black;\" class=\"rpt_feature rpt_feature_1-6\">Posibilidad de contratar IP fija<\/div><\/div><a target=\"_self\" href=\"https:\/\/ruralnet.es\/index.php\/me-interesa\/\" style=\"background:#81d742\" class=\"rpt_foot rpt_foot_1\">Me interesa<\/a><\/div><div class=\"rpt_plan  rpt_plugin_f rpt_plan_2  \"><div style=\"text-align:center;\" class=\"rpt_title rpt_title_2\">Local Wimax 10M\/5M<\/div><div class=\"rpt_head rpt_head_2\"><div class=\"rpt_recurrence rpt_recurrence_2\">IVA INCLUIDO<\/div><div class=\"rpt_price rpt_price_2\"><sup class=\"rpt_currency\"> <\/sup>29,90\u20ac<\/div><div style=\"color:#81d742;\" class=\"rpt_subtitle rpt_subtitle_2\">Si necesitas m\u00e1s velocidad de subida esta es tu tarifa<\/div><div class=\"rpt_description rpt_description_2\">Conexi\u00f3n a internet Wimax con 10Mbps de descarga y 5 Mbps de subida<\/div><\/div><div class=\"rpt_features rpt_features_2\"><div style=\"color:black;\" class=\"rpt_feature rpt_feature_2-0\">10 Mbps de descarga\r<\/div><div style=\"color:black;\" class=\"rpt_feature rpt_feature_2-1\">5 Mbps de subida\r<\/div><div style=\"color:black;\" class=\"rpt_feature rpt_feature_2-2\">Router Wifi Incluido \r<\/div><div style=\"color:black;\" class=\"rpt_feature rpt_feature_2-3\">Sin permanencia\r<\/div><div style=\"color:black;\" class=\"rpt_feature rpt_feature_2-4\">Alta 50\u20ac\r<\/div><div style=\"color:black;\" class=\"rpt_feature rpt_feature_2-5\">Servicio internet CG-NAT\r<\/div><div style=\"color:black;\" class=\"rpt_feature rpt_feature_2-6\">Posibilidad de contratar IP fija<\/div><\/div><a target=\"_self\" href=\"https:\/\/ruralnet.es\/index.php\/me-interesa\/\" style=\"background:#81d742\" class=\"rpt_foot rpt_foot_2\">Me interesa<\/a><\/div><div class=\"rpt_plan  rpt_plugin_f rpt_plan_3  \"><div style=\"text-align:center;\" class=\"rpt_title rpt_title_3\">Local Wimax 20M\/5M<\/div><div class=\"rpt_head rpt_head_3\"><div class=\"rpt_recurrence rpt_recurrence_3\">IVA INCLUIDO<\/div><div class=\"rpt_price rpt_price_3\"><sup class=\"rpt_currency\"> <\/sup>39,90\u20ac<\/div><div style=\"color:#81d742;\" class=\"rpt_subtitle rpt_subtitle_3\">Si te gusta descargar y compartir contenido, esta es tu tarifa<\/div><div class=\"rpt_description rpt_description_3\">Conexi\u00f3n a internet Wimax con 20Mbps de descarga y 5 Mbps de subida<\/div><\/div><div class=\"rpt_features rpt_features_3\"><div style=\"color:black;\" class=\"rpt_feature rpt_feature_3-0\">20 Mbps de descarga\r<\/div><div style=\"color:black;\" class=\"rpt_feature rpt_feature_3-1\">5 Mbps de subida\r<\/div><div style=\"color:black;\" class=\"rpt_feature rpt_feature_3-2\">Router Wifi Incluido \r<\/div><div style=\"color:black;\" class=\"rpt_feature rpt_feature_3-3\">Sin permanencia\r<\/div><div style=\"color:black;\" class=\"rpt_feature rpt_feature_3-4\">Alta 50\u20ac\r<\/div><div style=\"color:black;\" class=\"rpt_feature rpt_feature_3-5\">Servicio internet CG-NAT\r<\/div><div style=\"color:black;\" class=\"rpt_feature rpt_feature_3-6\">Posibilidad de contratar IP fija<\/div><\/div><a target=\"_self\" href=\"https:\/\/ruralnet.es\/index.php\/me-interesa\/\" style=\"background:#81d742\" class=\"rpt_foot rpt_foot_3\">Me interesa<\/a><\/div><\/div><\/div><div style=\"clear:both;\"><\/div>\n\n\n\n<ul><li><em>Precios con IVA INCLUIDO, equipos propiedad de RuralNet, Precio IP Fija dedicada (opcional) 10\u20ac<\/em>\/mes. <\/li><\/ul>\n\n\n\n<div class=\"wp-container-1 wp-block-buttons\">\n<div class=\"wp-block-button\"><a class=\"wp-block-button__link has-text-color has-very-light-gray-color has-background has-luminous-vivid-amber-background-color\" href=\"https:\/\/ruralnet.es\/index.php\/internet-rural\/internet-wimax-pro\/\">\u00bfNecesitas m\u00e1s&#8230;? <strong>Wimax PRO<\/strong><\/a><\/div>\n<\/div>\n\n\n\n<p><\/p>\n","protected":false},"excerpt":{"rendered":"<p>Si en tu localidad existe este tipo de cobertura est\u00e1s de enhorabuena, los precios ofrecidos en este tipo de servicios son notablemente m\u00e1s econ\u00f3micos. Precios con IVA INCLUIDO, equipos propiedad de RuralNet, Precio IP Fija dedicada (opcional) 10\u20ac\/mes.<\/p>\n","protected":false},"author":1,"featured_media":0,"parent":200,"menu_order":0,"comment_status":"closed","ping_status":"closed","template":"","meta":[],"_links":{"self":[{"href":"https:\/\/ruralnet.es\/index.php\/wp-json\/wp\/v2\/pages\/25"}],"collection":[{"href":"https:\/\/ruralnet.es\/index.php\/wp-json\/wp\/v2\/pages"}],"about":[{"href":"https:\/\/ruralnet.es\/index.php\/wp-json\/wp\/v2\/types\/page"}],"author":[{"embeddable":true,"href":"https:\/\/ruralnet.es\/index.php\/wp-json\/wp\/v2\/users\/1"}],"replies":[{"embeddable":true,"href":"https:\/\/ruralnet.es\/index.php\/wp-json\/wp\/v2\/comments?post=25"}],"version-history":[{"count":71,"href":"https:\/\/ruralnet.es\/index.php\/wp-json\/wp\/v2\/pages\/25\/revisions"}],"predecessor-version":[{"id":873,"href":"https:\/\/ruralnet.es\/index.php\/wp-json\/wp\/v2\/pages\/25\/revisions\/873"}],"up":[{"embeddable":true,"href":"https:\/\/ruralnet.es\/index.php\/wp-json\/wp\/v2\/pages\/200"}],"wp:attachment":[{"href":"https:\/\/ruralnet.es\/index.php\/wp-json\/wp\/v2\/media?parent=25"}],"curies":[{"name":"wp","href":"https:\/\/api.w.org\/{rel}","templated":true}]}}