{"id":206,"date":"2017-08-25T11:30:17","date_gmt":"2017-08-25T11:30:17","guid":{"rendered":"http:\/\/94.23.85.210\/wordpress\/?page_id=206"},"modified":"2019-10-12T15:13:03","modified_gmt":"2019-10-12T15:13:03","slug":"oficina-remota","status":"publish","type":"page","link":"https:\/\/ruralnet.es\/index.php\/servicios-cloud\/oficina-remota\/","title":{"rendered":"Oficina Remota"},"content":{"rendered":"<h3><span style=\"color: #00ff00;\">\u00bfEres aut\u00f3nomo, empresa o simplemente necesitas tener una oficina on-line a tu disposici\u00f3n las 24 horas del d\u00eda?<\/span><\/h3>\n<p>Disponemos de una amplia variedad de servicios de oficina remota:<\/p>\n<ul>\n<li><a href=\"http:\/\/ruralnet.es\/index.php\/cloud-2\/\">Servicios cloud personalizados<\/a><\/li>\n<li>Mantenimiento remoto y local de equipos inform\u00e1ticos y redes de telecomunicaciones.<\/li>\n<li>Escritorios remotos con copias de seguridad y disponibilidad 24H\/365Dias<\/li>\n<\/ul>\n<p><strong>Si ya es cliente de uno de estos servicios acceda a trav\u00e9s de:<\/strong> <a href=\"http:\/\/ruralnet.es\/index.php\/acceso-clientes\/\">ACCESO CLIENTES<\/a><\/p>\n<p>Puede pedirnos m\u00e1s informaci\u00f3n a trav\u00e9s de nuestro apartado de <a href=\"http:\/\/ruralnet.es\/index.php\/contacto\/\">contacto<\/a><\/p>\n","protected":false},"excerpt":{"rendered":"<p>\u00bfEres aut\u00f3nomo, empresa o simplemente necesitas tener una oficina on-line a tu disposici\u00f3n las 24 horas del d\u00eda? Disponemos de una amplia variedad de servicios de oficina remota: Servicios cloud personalizados Mantenimiento remoto y local de equipos inform\u00e1ticos y redes de telecomunicaciones. Escritorios remotos con copias de seguridad y disponibilidad 24H\/365Dias Si ya es cliente de uno de estos servicios acceda a trav\u00e9s de: ACCESO CLIENTES Puede pedirnos m\u00e1s informaci\u00f3n a trav\u00e9s de nuestro apartado de contacto<\/p>\n","protected":false},"author":1,"featured_media":0,"parent":669,"menu_order":0,"comment_status":"closed","ping_status":"closed","template":"","meta":[],"_links":{"self":[{"href":"https:\/\/ruralnet.es\/index.php\/wp-json\/wp\/v2\/pages\/206"}],"collection":[{"href":"https:\/\/ruralnet.es\/index.php\/wp-json\/wp\/v2\/pages"}],"about":[{"href":"https:\/\/ruralnet.es\/index.php\/wp-json\/wp\/v2\/types\/page"}],"author":[{"embeddable":true,"href":"https:\/\/ruralnet.es\/index.php\/wp-json\/wp\/v2\/users\/1"}],"replies":[{"embeddable":true,"href":"https:\/\/ruralnet.es\/index.php\/wp-json\/wp\/v2\/comments?post=206"}],"version-history":[{"count":6,"href":"https:\/\/ruralnet.es\/index.php\/wp-json\/wp\/v2\/pages\/206\/revisions"}],"predecessor-version":[{"id":369,"href":"https:\/\/ruralnet.es\/index.php\/wp-json\/wp\/v2\/pages\/206\/revisions\/369"}],"up":[{"embeddable":true,"href":"https:\/\/ruralnet.es\/index.php\/wp-json\/wp\/v2\/pages\/669"}],"wp:attachment":[{"href":"https:\/\/ruralnet.es\/index.php\/wp-json\/wp\/v2\/media?parent=206"}],"curies":[{"name":"wp","href":"https:\/\/api.w.org\/{rel}","templated":true}]}}