{"id":204,"date":"2017-08-25T11:30:17","date_gmt":"2017-08-25T11:30:17","guid":{"rendered":"http:\/\/94.23.85.210\/wordpress\/?page_id=204"},"modified":"2019-10-12T15:12:28","modified_gmt":"2019-10-12T15:12:28","slug":"cloud-2","status":"publish","type":"page","link":"https:\/\/ruralnet.es\/index.php\/servicios-cloud\/cloud-2\/","title":{"rendered":"Cloud"},"content":{"rendered":"\n<hr class=\"wp-block-separator\"\/>\n\n\n\n<h3>SERVICIOS CORPORATIVOS CLOUD<\/h3>\n\n\n\n<hr class=\"wp-block-separator\"\/>\n\n\n\n<p>Disponemos de diferentes servicios cloud para empresas y particulares:<\/p>\n\n\n\n<ul><li>Alojamiento WEB<\/li><li>Servidores Dedicados<\/li><li>VPS (M\u00e1quinas Virtuales)<\/li><li>Gesti\u00f3n de dominos<\/li><li>Plataformas de archivos en la nube<\/li><li>Copias de seguridad remotas<\/li><li>Servicios de facturaci\u00f3n on-line<\/li><li>Centralitas telef\u00f3nicas<\/li><li><a href=\"http:\/\/ruralnet.es\/index.php\/oficina-remota\/\">Oficina Remota&nbsp;<\/a><\/li><li>NAS<\/li><\/ul>\n\n\n\n<h3>SERVICIOS DOMESTICOS CLOUD<\/h3>\n\n\n\n<hr class=\"wp-block-separator\"\/>\n\n\n\n<ul><li>Mantenimiento remoto<\/li><li>Alojamiento NAS<\/li><li>VPS (M\u00e1quinas Virtuales)<\/li><\/ul>\n\n\n\n<hr class=\"wp-block-separator\"\/>\n\n\n\n<blockquote class=\"wp-block-quote\"><p>Si ya es cliente de uno de estos servicios acceda a trav\u00e9s de: <a href=\"http:\/\/ruralnet.es\/index.php\/acceso-clientes\/\">ACCESO CLIENTES<\/a><\/p><\/blockquote>\n\n\n\n<hr class=\"wp-block-separator\"\/>\n\n\n\n<p>Puede pedirnos m\u00e1s informaci\u00f3n a trav\u00e9s de nuestro apartado de <a href=\"http:\/\/ruralnet.es\/index.php\/contacto\/\">contacto<\/a><\/p>\n","protected":false},"excerpt":{"rendered":"<p>SERVICIOS CORPORATIVOS CLOUD Disponemos de diferentes servicios cloud para empresas y particulares: Alojamiento WEB Servidores Dedicados VPS (M\u00e1quinas Virtuales) Gesti\u00f3n de dominos Plataformas de archivos en la nube Copias de seguridad remotas Servicios de facturaci\u00f3n on-line Centralitas telef\u00f3nicas Oficina Remota&nbsp; NAS SERVICIOS DOMESTICOS CLOUD Mantenimiento remoto Alojamiento NAS VPS (M\u00e1quinas Virtuales) Si ya es cliente de uno de estos servicios acceda a trav\u00e9s de: ACCESO CLIENTES Puede pedirnos m\u00e1s informaci\u00f3n a trav\u00e9s de nuestro apartado de contacto<\/p>\n","protected":false},"author":1,"featured_media":0,"parent":669,"menu_order":0,"comment_status":"closed","ping_status":"closed","template":"","meta":[],"_links":{"self":[{"href":"https:\/\/ruralnet.es\/index.php\/wp-json\/wp\/v2\/pages\/204"}],"collection":[{"href":"https:\/\/ruralnet.es\/index.php\/wp-json\/wp\/v2\/pages"}],"about":[{"href":"https:\/\/ruralnet.es\/index.php\/wp-json\/wp\/v2\/types\/page"}],"author":[{"embeddable":true,"href":"https:\/\/ruralnet.es\/index.php\/wp-json\/wp\/v2\/users\/1"}],"replies":[{"embeddable":true,"href":"https:\/\/ruralnet.es\/index.php\/wp-json\/wp\/v2\/comments?post=204"}],"version-history":[{"count":16,"href":"https:\/\/ruralnet.es\/index.php\/wp-json\/wp\/v2\/pages\/204\/revisions"}],"predecessor-version":[{"id":671,"href":"https:\/\/ruralnet.es\/index.php\/wp-json\/wp\/v2\/pages\/204\/revisions\/671"}],"up":[{"embeddable":true,"href":"https:\/\/ruralnet.es\/index.php\/wp-json\/wp\/v2\/pages\/669"}],"wp:attachment":[{"href":"https:\/\/ruralnet.es\/index.php\/wp-json\/wp\/v2\/media?parent=204"}],"curies":[{"name":"wp","href":"https:\/\/api.w.org\/{rel}","templated":true}]}}